{"id":144,"date":"2025-11-23T19:02:18","date_gmt":"2025-11-23T18:02:18","guid":{"rendered":"https:\/\/emilie-arthur.fr\/?page_id=144"},"modified":"2025-12-09T09:42:00","modified_gmt":"2025-12-09T08:42:00","slug":"hebergement","status":"publish","type":"page","link":"https:\/\/emilie-arthur.fr\/index.php\/hebergement\/","title":{"rendered":"H\u00e9bergements"},"content":{"rendered":"\t\t<div data-elementor-type=\"wp-page\" data-elementor-id=\"144\" class=\"elementor elementor-144\">\n\t\t\t\t<div class=\"elementor-element elementor-element-adb47c3 e-flex e-con-boxed e-con e-parent\" data-id=\"adb47c3\" data-element_type=\"container\">\n\t\t\t\t\t<div class=\"e-con-inner\">\n\t\t\t\t<div class=\"elementor-element elementor-element-0230612 elementor-widget elementor-widget-spacer\" data-id=\"0230612\" data-element_type=\"widget\" data-widget_type=\"spacer.default\">\n\t\t\t\t\t\t\t<div class=\"elementor-spacer\">\n\t\t\t<div class=\"elementor-spacer-inner\"><\/div>\n\t\t<\/div>\n\t\t\t\t\t\t<\/div>\n\t\t\t\t<div class=\"elementor-element elementor-element-d567e73 elementor-widget elementor-widget-heading\" data-id=\"d567e73\" data-element_type=\"widget\" data-widget_type=\"heading.default\">\n\t\t\t\t\t<h2 class=\"elementor-heading-title elementor-size-default\">H\u00e9bergements<\/h2>\t\t\t\t<\/div>\n\t\t\t\t\t<\/div>\n\t\t\t\t<\/div>\n\t\t<div class=\"elementor-element elementor-element-6475d81 e-flex e-con-boxed e-con e-parent\" data-id=\"6475d81\" data-element_type=\"container\">\n\t\t\t\t\t<div class=\"e-con-inner\">\n\t\t\t\t<div class=\"elementor-element elementor-element-0db59bb elementor-widget elementor-widget-spacer\" data-id=\"0db59bb\" data-element_type=\"widget\" data-widget_type=\"spacer.default\">\n\t\t\t\t\t\t\t<div class=\"elementor-spacer\">\n\t\t\t<div class=\"elementor-spacer-inner\"><\/div>\n\t\t<\/div>\n\t\t\t\t\t\t<\/div>\n\t\t\t\t\t<\/div>\n\t\t\t\t<\/div>\n\t\t<div class=\"elementor-element elementor-element-1edd5f4 e-flex e-con-boxed e-con e-parent\" data-id=\"1edd5f4\" data-element_type=\"container\">\n\t\t\t\t\t<div class=\"e-con-inner\">\n\t\t<div class=\"elementor-element elementor-element-85ec757 e-con-full e-flex e-con e-child\" data-id=\"85ec757\" data-element_type=\"container\">\n\t\t\t\t<div class=\"elementor-element elementor-element-abdc3a0 elementor-widget elementor-widget-image\" data-id=\"abdc3a0\" data-element_type=\"widget\" data-widget_type=\"image.default\">\n\t\t\t\t\t\t\t\t\t\t\t\t\t\t\t<img fetchpriority=\"high\" decoding=\"async\" width=\"800\" height=\"807\" src=\"https:\/\/emilie-arthur.fr\/wp-content\/uploads\/2025\/11\/hebergement-.png\" class=\"attachment-large size-large wp-image-287\" alt=\"\" srcset=\"https:\/\/emilie-arthur.fr\/wp-content\/uploads\/2025\/11\/hebergement-.png 960w, https:\/\/emilie-arthur.fr\/wp-content\/uploads\/2025\/11\/hebergement--298x300.png 298w, https:\/\/emilie-arthur.fr\/wp-content\/uploads\/2025\/11\/hebergement--150x150.png 150w, https:\/\/emilie-arthur.fr\/wp-content\/uploads\/2025\/11\/hebergement--768x774.png 768w\" sizes=\"(max-width: 800px) 100vw, 800px\" \/>\t\t\t\t\t\t\t\t\t\t\t\t\t\t\t<\/div>\n\t\t\t\t<\/div>\n\t\t<div class=\"elementor-element elementor-element-c1cfaab e-con-full e-flex e-con e-child\" data-id=\"c1cfaab\" data-element_type=\"container\">\n\t\t\t\t<div class=\"elementor-element elementor-element-bef430b elementor-widget elementor-widget-text-editor\" data-id=\"bef430b\" data-element_type=\"widget\" data-widget_type=\"text-editor.default\">\n\t\t\t\t\t\t\t\t\t<p>La capacit\u00e9 de couchages du domaine ne nous permet pas d&rsquo;h\u00e9berger tous nos convives.<\/p><p>Pour celles et ceux qui n&rsquo;auront pas l&rsquo;occasion de dormir sur place, vous aurez la possibilit\u00e9 de r\u00e9server des h\u00e9bergements \u00e0 quelques minutes en voiture du lieu du mariage.<\/p><p>En voici quelques uns s\u00e9lectionn\u00e9s :<br \/>\u2022\u2060 \u2060La Ferme Blanche \u00e0 Cussay<br \/>\u2022\u2060 \u2060Les Arches de Muschamp \u00e0 Cussay<br \/>\u2022\u2060 \u2060La Roche d&rsquo;Enchaille, Cussay<br \/>\u2022\u2060 \u2060Les petites cigognes, Cussay<\/p><p>La r\u00e9gion est propice aux mariages et les lieux de r\u00e9ception sont nombreux donc ne tardez pas \u00e0 faire vos r\u00e9servations rapidement si vous souhaitez b\u00e9n\u00e9ficier des h\u00e9bergements les\u00a0plus\u00a0proches.<\/p><p>Pour les plus aventuriers d&rsquo;entre vous, vous aurez \u00e9galement la possibilit\u00e9 d&rsquo;installer une tente dans un espace d\u00e9di\u00e9 dans le jardin avec douche et toilettes mis \u00e0 disposition juste pour vous.<\/p><p>Ce m\u00eame espace peut \u00e9galement permettre \u00e0 un van am\u00e9nag\u00e9 ou un camping-car de se garer (Arriv\u00e9es d&rsquo;eau &amp; d&rsquo;\u00e9lectricit\u00e9 disponibles).<\/p>\t\t\t\t\t\t\t\t<\/div>\n\t\t\t\t<\/div>\n\t\t\t\t\t<\/div>\n\t\t\t\t<\/div>\n\t\t<div class=\"elementor-element elementor-element-e6d434e e-flex e-con-boxed e-con e-parent\" data-id=\"e6d434e\" data-element_type=\"container\">\n\t\t\t\t\t<div class=\"e-con-inner\">\n\t\t\t\t<div class=\"elementor-element elementor-element-42b1672 elementor-widget elementor-widget-spacer\" data-id=\"42b1672\" data-element_type=\"widget\" data-widget_type=\"spacer.default\">\n\t\t\t\t\t\t\t<div class=\"elementor-spacer\">\n\t\t\t<div class=\"elementor-spacer-inner\"><\/div>\n\t\t<\/div>\n\t\t\t\t\t\t<\/div>\n\t\t\t\t\t<\/div>\n\t\t\t\t<\/div>\n\t\t<div class=\"elementor-element elementor-element-456d651 e-flex e-con-boxed e-con e-parent\" data-id=\"456d651\" data-element_type=\"container\" data-settings=\"{&quot;background_background&quot;:&quot;classic&quot;}\">\n\t\t\t\t\t<div class=\"e-con-inner\">\n\t\t<div class=\"elementor-element elementor-element-01bd53d e-con-full e-flex e-con e-child\" data-id=\"01bd53d\" data-element_type=\"container\" data-settings=\"{&quot;background_background&quot;:&quot;classic&quot;}\">\n\t\t\t\t<div class=\"elementor-element elementor-element-e7ecc52 ekit-equal-height-disable elementor-widget elementor-widget-elementskit-image-box\" data-id=\"e7ecc52\" data-element_type=\"widget\" data-widget_type=\"elementskit-image-box.default\">\n\t\t\t\t\t<div class=\"ekit-wid-con\" >\n            <div class=\"elementskit-info-image-box ekit-image-box text-center simple-card\" >\n\n                \n                <div class=\"elementskit-box-header image-box-img-center\">\n\n                    <img decoding=\"async\" width=\"1638\" height=\"1087\" src=\"https:\/\/emilie-arthur.fr\/wp-content\/uploads\/2025\/11\/9f9635_40d0724f682040f98597a7e5ea60e242mv2.jpg\" class=\"attachment-full size-full wp-image-289\" alt=\"\" srcset=\"https:\/\/emilie-arthur.fr\/wp-content\/uploads\/2025\/11\/9f9635_40d0724f682040f98597a7e5ea60e242mv2.jpg 1638w, https:\/\/emilie-arthur.fr\/wp-content\/uploads\/2025\/11\/9f9635_40d0724f682040f98597a7e5ea60e242mv2-300x199.jpg 300w, https:\/\/emilie-arthur.fr\/wp-content\/uploads\/2025\/11\/9f9635_40d0724f682040f98597a7e5ea60e242mv2-1024x680.jpg 1024w, https:\/\/emilie-arthur.fr\/wp-content\/uploads\/2025\/11\/9f9635_40d0724f682040f98597a7e5ea60e242mv2-768x510.jpg 768w, https:\/\/emilie-arthur.fr\/wp-content\/uploads\/2025\/11\/9f9635_40d0724f682040f98597a7e5ea60e242mv2-1536x1019.jpg 1536w\" sizes=\"(max-width: 1638px) 100vw, 1638px\" \/>\n                <\/div>\n                \n                <div class=\"elementskit-box-body ekit-image-box-body\">\n                    <div class=\"elementskit-box-content ekit-image-box-body-inner\">\n                                                <h3 class=\"elementskit-info-box-title\">\n\n                        La Ferme Blanche\n                        \n                    <\/h3>\n                                                            <div class=\"elementskit-box-style-content\">\n                        4 CHEMIN DE LA BRANGERIE, 37240 Cussay                    <\/div>\n                                    <\/div>\n\n                                <div class=\"elementskit-box-footer\">\n                    <div class=\"box-footer\">\n                        <div class=\"btn-wraper\">\n                                                            <a href=\"https:\/\/www.lafermeblanchecussay.com\/\" class=\"elementskit-btn whitespace--normal\">\n                                    Voir le logement                                <\/a>\n                                                    <\/div>\n                    <\/div>\n                <\/div>\n                            <\/div>\n            <\/div>\n    <\/div>\t\t\t\t<\/div>\n\t\t\t\t<\/div>\n\t\t<div class=\"elementor-element elementor-element-f33b416 e-con-full e-flex e-con e-child\" data-id=\"f33b416\" data-element_type=\"container\" data-settings=\"{&quot;background_background&quot;:&quot;classic&quot;}\">\n\t\t\t\t<div class=\"elementor-element elementor-element-7de1f29 ekit-equal-height-disable elementor-widget elementor-widget-elementskit-image-box\" data-id=\"7de1f29\" data-element_type=\"widget\" data-widget_type=\"elementskit-image-box.default\">\n\t\t\t\t\t<div class=\"ekit-wid-con\" >\n            <div class=\"elementskit-info-image-box ekit-image-box text-center simple-card\" >\n\n                \n                <div class=\"elementskit-box-header image-box-img-center\">\n\n                    <img decoding=\"async\" width=\"1638\" height=\"1087\" src=\"https:\/\/emilie-arthur.fr\/wp-content\/uploads\/2025\/11\/WhatsApp-Image-2025-11-24-at-23.33.22-1.png\" class=\"attachment-full size-full wp-image-293\" alt=\"\" srcset=\"https:\/\/emilie-arthur.fr\/wp-content\/uploads\/2025\/11\/WhatsApp-Image-2025-11-24-at-23.33.22-1.png 1638w, https:\/\/emilie-arthur.fr\/wp-content\/uploads\/2025\/11\/WhatsApp-Image-2025-11-24-at-23.33.22-1-300x199.png 300w, https:\/\/emilie-arthur.fr\/wp-content\/uploads\/2025\/11\/WhatsApp-Image-2025-11-24-at-23.33.22-1-1024x680.png 1024w, https:\/\/emilie-arthur.fr\/wp-content\/uploads\/2025\/11\/WhatsApp-Image-2025-11-24-at-23.33.22-1-768x510.png 768w, https:\/\/emilie-arthur.fr\/wp-content\/uploads\/2025\/11\/WhatsApp-Image-2025-11-24-at-23.33.22-1-1536x1019.png 1536w\" sizes=\"(max-width: 1638px) 100vw, 1638px\" \/>\n                <\/div>\n                \n                <div class=\"elementskit-box-body ekit-image-box-body\">\n                    <div class=\"elementskit-box-content ekit-image-box-body-inner\">\n                                                <h3 class=\"elementskit-info-box-title\">\n\n                        Les Petites Cigognes\n                        \n                    <\/h3>\n                                                            <div class=\"elementskit-box-style-content\">\n                        Route de La Cigogne 23, 37240 Cussay                    <\/div>\n                                    <\/div>\n\n                                <div class=\"elementskit-box-footer\">\n                    <div class=\"box-footer\">\n                        <div class=\"btn-wraper\">\n                                                            <a href=\"http:\/\/www.lespetitescigognes.com\/\" class=\"elementskit-btn whitespace--normal\">\n                                    Voir le logement                                <\/a>\n                                                    <\/div>\n                    <\/div>\n                <\/div>\n                            <\/div>\n            <\/div>\n    <\/div>\t\t\t\t<\/div>\n\t\t\t\t<\/div>\n\t\t<div class=\"elementor-element elementor-element-b7b4f48 e-con-full e-flex e-con e-child\" data-id=\"b7b4f48\" data-element_type=\"container\" data-settings=\"{&quot;background_background&quot;:&quot;classic&quot;}\">\n\t\t\t\t<div class=\"elementor-element elementor-element-680e1aa ekit-equal-height-disable elementor-widget elementor-widget-elementskit-image-box\" data-id=\"680e1aa\" data-element_type=\"widget\" data-widget_type=\"elementskit-image-box.default\">\n\t\t\t\t\t<div class=\"ekit-wid-con\" >\n            <div class=\"elementskit-info-image-box ekit-image-box text-center simple-card\" >\n\n                \n                <div class=\"elementskit-box-header image-box-img-center\">\n\n                    <img loading=\"lazy\" decoding=\"async\" width=\"1638\" height=\"1087\" src=\"https:\/\/emilie-arthur.fr\/wp-content\/uploads\/2025\/11\/WhatsApp-Image-2025-11-24-at-23.27.18-1.png\" class=\"attachment-full size-full wp-image-295\" alt=\"\" srcset=\"https:\/\/emilie-arthur.fr\/wp-content\/uploads\/2025\/11\/WhatsApp-Image-2025-11-24-at-23.27.18-1.png 1638w, https:\/\/emilie-arthur.fr\/wp-content\/uploads\/2025\/11\/WhatsApp-Image-2025-11-24-at-23.27.18-1-300x199.png 300w, https:\/\/emilie-arthur.fr\/wp-content\/uploads\/2025\/11\/WhatsApp-Image-2025-11-24-at-23.27.18-1-1024x680.png 1024w, https:\/\/emilie-arthur.fr\/wp-content\/uploads\/2025\/11\/WhatsApp-Image-2025-11-24-at-23.27.18-1-768x510.png 768w, https:\/\/emilie-arthur.fr\/wp-content\/uploads\/2025\/11\/WhatsApp-Image-2025-11-24-at-23.27.18-1-1536x1019.png 1536w\" sizes=\"(max-width: 1638px) 100vw, 1638px\" \/>\n                <\/div>\n                \n                <div class=\"elementskit-box-body ekit-image-box-body\">\n                    <div class=\"elementskit-box-content ekit-image-box-body-inner\">\n                                                <h3 class=\"elementskit-info-box-title\">\n\n                        Les Arches de Muschamp\n                        \n                    <\/h3>\n                                                            <div class=\"elementskit-box-style-content\">\n                        11 Route du Noyer, 37240 Cussay                    <\/div>\n                                    <\/div>\n\n                                <div class=\"elementskit-box-footer\">\n                    <div class=\"box-footer\">\n                        <div class=\"btn-wraper\">\n                                                            <a href=\"http:\/\/www.archesdemuschamp.com\/\" class=\"elementskit-btn whitespace--normal\">\n                                    Voir le logement                                <\/a>\n                                                    <\/div>\n                    <\/div>\n                <\/div>\n                            <\/div>\n            <\/div>\n    <\/div>\t\t\t\t<\/div>\n\t\t\t\t<\/div>\n\t\t<div class=\"elementor-element elementor-element-7dcf607 e-con-full e-flex e-con e-child\" data-id=\"7dcf607\" data-element_type=\"container\" data-settings=\"{&quot;background_background&quot;:&quot;classic&quot;}\">\n\t\t\t\t<div class=\"elementor-element elementor-element-c9cb11d ekit-equal-height-disable elementor-widget elementor-widget-elementskit-image-box\" data-id=\"c9cb11d\" data-element_type=\"widget\" data-widget_type=\"elementskit-image-box.default\">\n\t\t\t\t\t<div class=\"ekit-wid-con\" >\n            <div class=\"elementskit-info-image-box ekit-image-box text-center simple-card\" >\n\n                \n                <div class=\"elementskit-box-header image-box-img-center\">\n\n                    <img loading=\"lazy\" decoding=\"async\" width=\"1638\" height=\"1087\" src=\"https:\/\/emilie-arthur.fr\/wp-content\/uploads\/2025\/11\/WhatsApp-Image-2025-11-24-at-23.28.47-1.png\" class=\"attachment-full size-full wp-image-294\" alt=\"\" srcset=\"https:\/\/emilie-arthur.fr\/wp-content\/uploads\/2025\/11\/WhatsApp-Image-2025-11-24-at-23.28.47-1.png 1638w, https:\/\/emilie-arthur.fr\/wp-content\/uploads\/2025\/11\/WhatsApp-Image-2025-11-24-at-23.28.47-1-300x199.png 300w, https:\/\/emilie-arthur.fr\/wp-content\/uploads\/2025\/11\/WhatsApp-Image-2025-11-24-at-23.28.47-1-1024x680.png 1024w, https:\/\/emilie-arthur.fr\/wp-content\/uploads\/2025\/11\/WhatsApp-Image-2025-11-24-at-23.28.47-1-768x510.png 768w, https:\/\/emilie-arthur.fr\/wp-content\/uploads\/2025\/11\/WhatsApp-Image-2025-11-24-at-23.28.47-1-1536x1019.png 1536w\" sizes=\"(max-width: 1638px) 100vw, 1638px\" \/>\n                <\/div>\n                \n                <div class=\"elementskit-box-body ekit-image-box-body\">\n                    <div class=\"elementskit-box-content ekit-image-box-body-inner\">\n                                                <h3 class=\"elementskit-info-box-title\">\n\n                        La Roche d'Enchailles\n                        \n                    <\/h3>\n                                                            <div class=\"elementskit-box-style-content\">\n                        3 route de Balesmes, 37240 Cussay                    <\/div>\n                                    <\/div>\n\n                                <div class=\"elementskit-box-footer\">\n                    <div class=\"box-footer\">\n                        <div class=\"btn-wraper\">\n                                                            <a href=\"https:\/\/www.gites-de-france.com\/fr\/centre-val-de-loire\/indre-et-loire\/la-roche-denchaille-37g29541?data-ori=ADSWFNGFFR61&#038;gad_source=1&#038;gad_campaignid=23105291191&#038;gbraid=0AAAAADuqjgP7K-aRNjn3VbTa_FQOxPxQT&#038;gclid=Cj0KCQiAxJXJBhD_ARIsAH_JGjhYMJDNpXg5cRalVytMVslutdxN5EXLnJDNSUXsJgXUSxZzXawQoRYaAo1gEALw_wcB\" class=\"elementskit-btn whitespace--normal\">\n                                    Voir le logement                                <\/a>\n                                                    <\/div>\n                    <\/div>\n                <\/div>\n                            <\/div>\n            <\/div>\n    <\/div>\t\t\t\t<\/div>\n\t\t\t\t<\/div>\n\t\t\t\t\t<\/div>\n\t\t\t\t<\/div>\n\t\t\t\t<\/div>\n\t\t","protected":false},"excerpt":{"rendered":"<p>H\u00e9bergements La capacit\u00e9 de couchages du domaine ne nous permet pas d&rsquo;h\u00e9berger tous nos convives. Pour celles et ceux qui n&rsquo;auront pas l&rsquo;occasion de dormir sur place, vous aurez la possibilit\u00e9 de r\u00e9server des h\u00e9bergements \u00e0 quelques minutes en voiture du lieu du mariage. En voici quelques uns s\u00e9lectionn\u00e9s :\u2022\u2060 \u2060La Ferme Blanche \u00e0 Cussay\u2022\u2060 [&hellip;]<\/p>\n","protected":false},"author":2,"featured_media":0,"parent":0,"menu_order":0,"comment_status":"closed","ping_status":"closed","template":"","meta":{"footnotes":""},"class_list":["post-144","page","type-page","status-publish","hentry"],"_links":{"self":[{"href":"https:\/\/emilie-arthur.fr\/index.php\/wp-json\/wp\/v2\/pages\/144","targetHints":{"allow":["GET"]}}],"collection":[{"href":"https:\/\/emilie-arthur.fr\/index.php\/wp-json\/wp\/v2\/pages"}],"about":[{"href":"https:\/\/emilie-arthur.fr\/index.php\/wp-json\/wp\/v2\/types\/page"}],"author":[{"embeddable":true,"href":"https:\/\/emilie-arthur.fr\/index.php\/wp-json\/wp\/v2\/users\/2"}],"replies":[{"embeddable":true,"href":"https:\/\/emilie-arthur.fr\/index.php\/wp-json\/wp\/v2\/comments?post=144"}],"version-history":[{"count":41,"href":"https:\/\/emilie-arthur.fr\/index.php\/wp-json\/wp\/v2\/pages\/144\/revisions"}],"predecessor-version":[{"id":461,"href":"https:\/\/emilie-arthur.fr\/index.php\/wp-json\/wp\/v2\/pages\/144\/revisions\/461"}],"wp:attachment":[{"href":"https:\/\/emilie-arthur.fr\/index.php\/wp-json\/wp\/v2\/media?parent=144"}],"curies":[{"name":"wp","href":"https:\/\/api.w.org\/{rel}","templated":true}]}}